{"id":125,"date":"2025-09-08T09:32:00","date_gmt":"2025-09-08T09:32:00","guid":{"rendered":"https:\/\/enerec.pl\/?page_id=125"},"modified":"2025-09-08T09:45:42","modified_gmt":"2025-09-08T09:45:42","slug":"art_-woda-opadowa","status":"publish","type":"page","link":"https:\/\/enerec.pl\/?page_id=125","title":{"rendered":"ART_ Woda Opadowa"},"content":{"rendered":"\t\t<div data-elementor-type=\"wp-page\" data-elementor-id=\"125\" class=\"elementor elementor-125\" data-elementor-post-type=\"page\">\n\t\t\t\t<div class=\"elementor-element elementor-element-2fd6232a e-flex e-con-boxed e-con e-parent\" data-id=\"2fd6232a\" data-element_type=\"container\" data-e-type=\"container\" data-settings=\"{&quot;background_background&quot;:&quot;classic&quot;}\">\n\t\t\t\t\t<div class=\"e-con-inner\">\n\t\t\t\t<div class=\"elementor-element elementor-element-54ce6c17 elementor-widget elementor-widget-heading\" data-id=\"54ce6c17\" data-element_type=\"widget\" data-e-type=\"widget\" data-widget_type=\"heading.default\">\n\t\t\t\t<div class=\"elementor-widget-container\">\n\t\t\t\t\t<h2 class=\"elementor-heading-title elementor-size-default\">Co si\u0119 dzieje z wod\u0105 opadow\u0105<\/h2>\t\t\t\t<\/div>\n\t\t\t\t<\/div>\n\t\t\t\t<div class=\"elementor-element elementor-element-663ce355 elementor-widget elementor-widget-heading\" data-id=\"663ce355\" data-element_type=\"widget\" data-e-type=\"widget\" data-widget_type=\"heading.default\">\n\t\t\t\t<div class=\"elementor-widget-container\">\n\t\t\t\t\t<h2 class=\"elementor-heading-title elementor-size-default\">i przemys\u0142ow\u0105 w Twoim zak\u0142adzie?<\/h2>\t\t\t\t<\/div>\n\t\t\t\t<\/div>\n\t\t\t\t\t<\/div>\n\t\t\t\t<\/div>\n\t\t<div class=\"elementor-element elementor-element-66ea8240 e-flex e-con-boxed e-con e-parent\" data-id=\"66ea8240\" data-element_type=\"container\" data-e-type=\"container\">\n\t\t\t\t\t<div class=\"e-con-inner\">\n\t\t\t\t<div class=\"elementor-element elementor-element-7ca93c0e elementor-widget elementor-widget-text-editor\" data-id=\"7ca93c0e\" data-element_type=\"widget\" data-e-type=\"widget\" data-widget_type=\"text-editor.default\">\n\t\t\t\t<div class=\"elementor-widget-container\">\n\t\t\t\t\t\t\t\t\t<p><strong data-start=\"255\" data-end=\"267\">Problem:<\/strong> Wiele firm nie ma \u015bwiadomo\u015bci, \u017ce ich dzia\u0142alno\u015b\u0107 generuje \u015bcieki, kt\u00f3re wymagaj\u0105 <strong data-start=\"350\" data-end=\"396\">monitorowania, ewidencji oraz oczyszczania<\/strong> zgodnie z przepisami prawa wodnego.<\/p>\t\t\t\t\t\t\t\t<\/div>\n\t\t\t\t<\/div>\n\t\t\t\t\t<\/div>\n\t\t\t\t<\/div>\n\t\t<div class=\"elementor-element elementor-element-1318ea85 e-flex e-con-boxed e-con e-parent\" data-id=\"1318ea85\" data-element_type=\"container\" data-e-type=\"container\">\n\t\t\t\t\t<div class=\"e-con-inner\">\n\t\t\t\t<div class=\"elementor-element elementor-element-784e1415 elementor-widget elementor-widget-heading\" data-id=\"784e1415\" data-element_type=\"widget\" data-e-type=\"widget\" data-widget_type=\"heading.default\">\n\t\t\t\t<div class=\"elementor-widget-container\">\n\t\t\t\t\t<h2 class=\"elementor-heading-title elementor-size-default\">Woda w zak\u0142adzie przemys\u0142owym <br>= potencjalne zobowi\u0105zania<\/h2>\t\t\t\t<\/div>\n\t\t\t\t<\/div>\n\t\t\t\t<div class=\"elementor-element elementor-element-848407f elementor-widget elementor-widget-text-editor\" data-id=\"848407f\" data-element_type=\"widget\" data-e-type=\"widget\" data-widget_type=\"text-editor.default\">\n\t\t\t\t<div class=\"elementor-widget-container\">\n\t\t\t\t\t\t\t\t\t<p data-start=\"505\" data-end=\"814\">Ka\u017cda instalacja technologiczna, plac manewrowy, rampa prze\u0142adunkowa czy zadaszona powierzchnia mo\u017ce generowa\u0107 zanieczyszczone wody opadowe lub przemys\u0142owe. S\u0105 to tzw. <strong data-start=\"673\" data-end=\"698\">\u015bcieki nieoczyszczone<\/strong>, kt\u00f3re mog\u0105 zawiera\u0107:<br data-start=\"720\" data-end=\"723\" \/>\u2013 zawiesiny mineralne,<br data-start=\"745\" data-end=\"748\" \/>\u2013 oleje i smary,<br data-start=\"764\" data-end=\"767\" \/>\u2013 substancje niebezpieczne,<br data-start=\"794\" data-end=\"797\" \/>\u2013 metale ci\u0119\u017ckie.<\/p><p data-start=\"816\" data-end=\"1005\">Brak odpowiedniego systemu odprowadzania i oczyszczania to <strong data-start=\"875\" data-end=\"892\">realne ryzyko<\/strong> \u2013 zar\u00f3wno \u015brodowiskowe, jak i finansowe (np. kary WIO\u015a, podwy\u017cszone op\u0142aty wodnoprawne, odpowiedzialno\u015b\u0107 karna).<\/p>\t\t\t\t\t\t\t\t<\/div>\n\t\t\t\t<\/div>\n\t\t\t\t\t<\/div>\n\t\t\t\t<\/div>\n\t\t<div class=\"elementor-element elementor-element-467eb23a e-flex e-con-boxed e-con e-parent\" data-id=\"467eb23a\" data-element_type=\"container\" data-e-type=\"container\">\n\t\t\t\t\t<div class=\"e-con-inner\">\n\t\t\t\t<div class=\"elementor-element elementor-element-f6a6bff elementor-widget elementor-widget-heading\" data-id=\"f6a6bff\" data-element_type=\"widget\" data-e-type=\"widget\" data-widget_type=\"heading.default\">\n\t\t\t\t<div class=\"elementor-widget-container\">\n\t\t\t\t\t<h2 class=\"elementor-heading-title elementor-size-default\">Jakie s\u0105 obowi\u0105zki przedsi\u0119biorcy?<\/h2>\t\t\t\t<\/div>\n\t\t\t\t<\/div>\n\t\t\t\t<div class=\"elementor-element elementor-element-769fbb36 elementor-widget elementor-widget-text-editor\" data-id=\"769fbb36\" data-element_type=\"widget\" data-e-type=\"widget\" data-widget_type=\"text-editor.default\">\n\t\t\t\t<div class=\"elementor-widget-container\">\n\t\t\t\t\t\t\t\t\t<p data-start=\"1056\" data-end=\"1102\">Zgodnie z przepisami, ka\u017cdy zak\u0142ad powinien:<\/p><ol data-start=\"1103\" data-end=\"1492\"><li data-start=\"1103\" data-end=\"1183\"><p data-start=\"1106\" data-end=\"1183\"><strong data-start=\"1106\" data-end=\"1161\">Zidentyfikowa\u0107 \u017ar\u00f3d\u0142a w\u00f3d opadowych i przemys\u0142owych<\/strong> na terenie zak\u0142adu.<\/p><\/li><li data-start=\"1184\" data-end=\"1389\"><p data-start=\"1187\" data-end=\"1242\"><strong data-start=\"1187\" data-end=\"1236\">Wprowadzi\u0107 systemy separacji lub oczyszczania<\/strong>, np.:<\/p><ul data-start=\"1246\" data-end=\"1389\"><li data-start=\"1246\" data-end=\"1276\"><p data-start=\"1248\" data-end=\"1276\">separatory t\u0142uszczu i oleju,<\/p><\/li><li data-start=\"1280\" data-end=\"1303\"><p data-start=\"1282\" data-end=\"1303\">zbiorniki retencyjne,<\/p><\/li><li data-start=\"1307\" data-end=\"1335\"><p data-start=\"1309\" data-end=\"1335\">oczyszczalnie kontenerowe,<\/p><\/li><li data-start=\"1339\" data-end=\"1389\"><p data-start=\"1341\" data-end=\"1389\">systemy filtracji biologicznej lub chemicznej.<\/p><\/li><\/ul><\/li><li data-start=\"1390\" data-end=\"1492\"><p data-start=\"1393\" data-end=\"1492\"><strong data-start=\"1393\" data-end=\"1425\">Prowadzi\u0107 monitoring \u015bciek\u00f3w<\/strong> \u2013 pomiary przep\u0142yw\u00f3w i sk\u0142adu, zgodnie z pozwoleniem wodnoprawnym.<\/p><\/li><\/ol><p data-start=\"1494\" data-end=\"1661\">W wielu przypadkach wymagana jest tak\u017ce <strong data-start=\"1534\" data-end=\"1567\">analiza ryzyka \u015brodowiskowego<\/strong>, wykonanie dokumentacji projektowej oraz zg\u0142oszenie inwestycji do organ\u00f3w ochrony \u015brodowiska.<\/p>\t\t\t\t\t\t\t\t<\/div>\n\t\t\t\t<\/div>\n\t\t\t\t\t<\/div>\n\t\t\t\t<\/div>\n\t\t<div class=\"elementor-element elementor-element-38acdcd e-flex e-con-boxed e-con e-parent\" data-id=\"38acdcd\" data-element_type=\"container\" data-e-type=\"container\">\n\t\t\t\t\t<div class=\"e-con-inner\">\n\t\t\t\t<div class=\"elementor-element elementor-element-23597342 elementor-widget elementor-widget-heading\" data-id=\"23597342\" data-element_type=\"widget\" data-e-type=\"widget\" data-widget_type=\"heading.default\">\n\t\t\t\t<div class=\"elementor-widget-container\">\n\t\t\t\t\t<h2 class=\"elementor-heading-title elementor-size-default\">Czy warto inwestowa\u0107 <br>we w\u0142asny system?<\/h2>\t\t\t\t<\/div>\n\t\t\t\t<\/div>\n\t\t\t\t<div class=\"elementor-element elementor-element-25fb5f24 elementor-widget elementor-widget-text-editor\" data-id=\"25fb5f24\" data-element_type=\"widget\" data-e-type=\"widget\" data-widget_type=\"text-editor.default\">\n\t\t\t\t<div class=\"elementor-widget-container\">\n\t\t\t\t\t\t\t\t\t<p data-start=\"1716\" data-end=\"1983\">Dla wielu firm odpowied\u017a brzmi: <strong data-start=\"1748\" data-end=\"1755\">tak<\/strong> \u2013 zw\u0142aszcza gdy:<br data-start=\"1772\" data-end=\"1775\" \/>\u2705 generowane s\u0105 znaczne ilo\u015bci \u015bciek\u00f3w technologicznych,<br data-start=\"1831\" data-end=\"1834\" \/>\u2705 teren zak\u0142adu ma du\u017c\u0105 powierzchni\u0119 utwardzon\u0105,<br data-start=\"1882\" data-end=\"1885\" \/>\u2705 op\u0142aty za korzystanie ze \u015brodowiska rosn\u0105,<br data-start=\"1929\" data-end=\"1932\" \/>\u2705 istnieje ryzyko kontroli ze strony WIO\u015a lub RDO\u015a.<\/p><p data-start=\"1985\" data-end=\"2207\"><strong data-start=\"1985\" data-end=\"2016\">Oczyszczalnia przyzak\u0142adowa<\/strong> to nie tylko ochrona \u015brodowiska \u2013 to tak\u017ce:<br data-start=\"2060\" data-end=\"2063\" \/>\u2013 obni\u017cenie koszt\u00f3w eksploatacyjnych,<br data-start=\"2100\" data-end=\"2103\" \/>\u2013 odzysk wody do cel\u00f3w technologicznych,<br data-start=\"2143\" data-end=\"2146\" \/>\u2013 wi\u0119ksza kontrola nad bezpiecze\u0144stwem \u015brodowiskowym zak\u0142adu.<\/p>\t\t\t\t\t\t\t\t<\/div>\n\t\t\t\t<\/div>\n\t\t\t\t<div class=\"elementor-element elementor-element-714230eb elementor-widget elementor-widget-text-editor\" data-id=\"714230eb\" data-element_type=\"widget\" data-e-type=\"widget\" data-widget_type=\"text-editor.default\">\n\t\t\t\t<div class=\"elementor-widget-container\">\n\t\t\t\t\t\t\t\t\t<h4 data-start=\"2214\" data-end=\"2259\">Jakie s\u0105 konsekwencje braku kontroli?<\/h4><p data-start=\"2261\" data-end=\"2480\">\u2013 Decyzje pokontrolne WIO\u015a z rygorem natychmiastowej wykonalno\u015bci,<br data-start=\"2327\" data-end=\"2330\" \/>\u2013 zakaz dzia\u0142alno\u015bci lub zamkni\u0119cie instalacji,<br data-start=\"2377\" data-end=\"2380\" \/>\u2013 wysokie kary administracyjne i \u015brodowiskowe,<br data-start=\"2426\" data-end=\"2429\" \/>\u2013 utrata reputacji (np. w przetargach publicznych).<\/p>\t\t\t\t\t\t\t\t<\/div>\n\t\t\t\t<\/div>\n\t\t\t\t\t<\/div>\n\t\t\t\t<\/div>\n\t\t<div class=\"elementor-element elementor-element-3da75b9 e-flex e-con-boxed e-con e-parent\" data-id=\"3da75b9\" data-element_type=\"container\" data-e-type=\"container\">\n\t\t\t\t\t<div class=\"e-con-inner\">\n\t\t\t\t<div class=\"elementor-element elementor-element-33b1066 elementor-widget elementor-widget-heading\" data-id=\"33b1066\" data-element_type=\"widget\" data-e-type=\"widget\" data-widget_type=\"heading.default\">\n\t\t\t\t<div class=\"elementor-widget-container\">\n\t\t\t\t\t<h2 class=\"elementor-heading-title elementor-size-default\">Podsumowanie<\/h2>\t\t\t\t<\/div>\n\t\t\t\t<\/div>\n\t\t\t\t<div class=\"elementor-element elementor-element-d7a5b3b elementor-widget elementor-widget-text-editor\" data-id=\"d7a5b3b\" data-element_type=\"widget\" data-e-type=\"widget\" data-widget_type=\"text-editor.default\">\n\t\t\t\t<div class=\"elementor-widget-container\">\n\t\t\t\t\t\t\t\t\t<p data-start=\"1716\" data-end=\"1983\">\u015acieki przemys\u0142owe i wody opadowe to nie tylko kwestia odp\u0142ywu \u2013 to <strong data-start=\"2576\" data-end=\"2605\">formalno-prawny obowi\u0105zek<\/strong> i <strong data-start=\"2608\" data-end=\"2633\">strategiczne wyzwanie<\/strong> dla ka\u017cdej firmy posiadaj\u0105cej infrastruktur\u0119 technologiczn\u0105.<br data-start=\"2694\" data-end=\"2697\" \/>Odpowiednie rozwi\u0105zania \u2013 od separator\u00f3w po pe\u0142ne oczyszczalnie \u2013 pozwalaj\u0105 <strong data-start=\"2773\" data-end=\"2851\">ograniczy\u0107 koszty, unikn\u0105\u0107 kar i poprawi\u0107 efektywno\u015b\u0107 \u015brodowiskow\u0105 zak\u0142adu<\/strong>.<\/p>\t\t\t\t\t\t\t\t<\/div>\n\t\t\t\t<\/div>\n\t\t\t\t\t<\/div>\n\t\t\t\t<\/div>\n\t\t<div class=\"elementor-element elementor-element-7a08b62 e-flex e-con-boxed e-con e-parent\" data-id=\"7a08b62\" data-element_type=\"container\" data-e-type=\"container\" data-settings=\"{&quot;background_background&quot;:&quot;classic&quot;}\">\n\t\t\t\t\t<div class=\"e-con-inner\">\n\t\t\t\t<div class=\"elementor-element elementor-element-bf3ef1b elementor-widget elementor-widget-spacer\" data-id=\"bf3ef1b\" data-element_type=\"widget\" data-e-type=\"widget\" data-widget_type=\"spacer.default\">\n\t\t\t\t<div class=\"elementor-widget-container\">\n\t\t\t\t\t\t\t<div class=\"elementor-spacer\">\n\t\t\t<div class=\"elementor-spacer-inner\"><\/div>\n\t\t<\/div>\n\t\t\t\t\t\t<\/div>\n\t\t\t\t<\/div>\n\t\t\t\t\t<\/div>\n\t\t\t\t<\/div>\n\t\t<div class=\"elementor-element elementor-element-7730ba4 e-flex e-con-boxed e-con e-parent\" data-id=\"7730ba4\" data-element_type=\"container\" data-e-type=\"container\">\n\t\t\t\t\t<div class=\"e-con-inner\">\n\t\t\t\t<div class=\"elementor-element elementor-element-cd72d2a elementor-widget elementor-widget-heading\" data-id=\"cd72d2a\" data-element_type=\"widget\" data-e-type=\"widget\" data-widget_type=\"heading.default\">\n\t\t\t\t<div class=\"elementor-widget-container\">\n\t\t\t\t\t<h2 class=\"elementor-heading-title elementor-size-default\">Kontakt<\/h2>\t\t\t\t<\/div>\n\t\t\t\t<\/div>\n\t\t\t\t<div class=\"elementor-element elementor-element-28cf552 elementor-widget elementor-widget-image\" data-id=\"28cf552\" data-element_type=\"widget\" data-e-type=\"widget\" data-widget_type=\"image.default\">\n\t\t\t\t<div class=\"elementor-widget-container\">\n\t\t\t\t\t\t\t\t\t\t\t\t\t\t\t\t<a href=\"https:\/\/enerec.pl\/?page_id=92\">\n\t\t\t\t\t\t\t<img fetchpriority=\"high\" decoding=\"async\" width=\"800\" height=\"800\" src=\"https:\/\/enerec.pl\/wp-content\/uploads\/2025\/09\/20250908_1113_Biuro-ENEREC_simple_compose_01k4m9hmjgee582rj5a9hgzqm3.png\" class=\"attachment-large size-large wp-image-128\" alt=\"\" srcset=\"https:\/\/enerec.pl\/wp-content\/uploads\/2025\/09\/20250908_1113_Biuro-ENEREC_simple_compose_01k4m9hmjgee582rj5a9hgzqm3.png 1024w, https:\/\/enerec.pl\/wp-content\/uploads\/2025\/09\/20250908_1113_Biuro-ENEREC_simple_compose_01k4m9hmjgee582rj5a9hgzqm3-300x300.png 300w, https:\/\/enerec.pl\/wp-content\/uploads\/2025\/09\/20250908_1113_Biuro-ENEREC_simple_compose_01k4m9hmjgee582rj5a9hgzqm3-150x150.png 150w, https:\/\/enerec.pl\/wp-content\/uploads\/2025\/09\/20250908_1113_Biuro-ENEREC_simple_compose_01k4m9hmjgee582rj5a9hgzqm3-768x768.png 768w\" sizes=\"(max-width: 800px) 100vw, 800px\" \/>\t\t\t\t\t\t\t\t<\/a>\n\t\t\t\t\t\t\t\t\t\t\t\t\t\t\t<\/div>\n\t\t\t\t<\/div>\n\t\t\t\t\t<\/div>\n\t\t\t\t<\/div>\n\t\t<div class=\"elementor-element elementor-element-5b27186 e-flex e-con-boxed e-con e-parent\" data-id=\"5b27186\" data-element_type=\"container\" data-e-type=\"container\" data-settings=\"{&quot;background_background&quot;:&quot;classic&quot;}\">\n\t\t\t\t\t<div class=\"e-con-inner\">\n\t\t<div class=\"elementor-element elementor-element-6fe182e e-con-full e-flex e-con e-child\" data-id=\"6fe182e\" data-element_type=\"container\" data-e-type=\"container\">\n\t\t\t\t<div class=\"elementor-element elementor-element-a15ce32 elementor-widget elementor-widget-heading\" data-id=\"a15ce32\" data-element_type=\"widget\" data-e-type=\"widget\" data-widget_type=\"heading.default\">\n\t\t\t\t<div class=\"elementor-widget-container\">\n\t\t\t\t\t<h2 class=\"elementor-heading-title elementor-size-default\">\u00a9 2025 ENEREC.<\/h2>\t\t\t\t<\/div>\n\t\t\t\t<\/div>\n\t\t\t\t<\/div>\n\t\t<div class=\"elementor-element elementor-element-e553ae5 e-con-full e-flex e-con e-child\" data-id=\"e553ae5\" data-element_type=\"container\" data-e-type=\"container\">\n\t\t\t\t<div class=\"elementor-element elementor-element-dde6013 elementor-widget elementor-widget-heading\" data-id=\"dde6013\" data-element_type=\"widget\" data-e-type=\"widget\" data-widget_type=\"heading.default\">\n\t\t\t\t<div class=\"elementor-widget-container\">\n\t\t\t\t\t<h2 class=\"elementor-heading-title elementor-size-default\">Technologia, kt\u00f3ra si\u0119 sprawdza. <br>W \u015brodowisku. W eksploatacji. <br>W dokumentacji.<\/h2>\t\t\t\t<\/div>\n\t\t\t\t<\/div>\n\t\t\t\t<\/div>\n\t\t\t\t\t<\/div>\n\t\t\t\t<\/div>\n\t\t\t\t<\/div>\n\t\t","protected":false},"excerpt":{"rendered":"<p>Co si\u0119 dzieje z wod\u0105 opadow\u0105 i przemys\u0142ow\u0105 w Twoim zak\u0142adzie? Problem: Wiele firm nie ma \u015bwiadomo\u015bci, \u017ce ich dzia\u0142alno\u015b\u0107 generuje \u015bcieki, kt\u00f3re wymagaj\u0105 monitorowania, ewidencji oraz oczyszczania zgodnie z przepisami prawa wodnego. Woda w zak\u0142adzie przemys\u0142owym = potencjalne zobowi\u0105zania Ka\u017cda instalacja technologiczna, plac manewrowy, rampa prze\u0142adunkowa czy zadaszona powierzchnia mo\u017ce generowa\u0107 zanieczyszczone wody opadowe [&hellip;]<\/p>\n","protected":false},"author":1,"featured_media":0,"parent":0,"menu_order":0,"comment_status":"closed","ping_status":"closed","template":"elementor_canvas","meta":{"footnotes":""},"class_list":["post-125","page","type-page","status-publish","hentry"],"_links":{"self":[{"href":"https:\/\/enerec.pl\/index.php?rest_route=\/wp\/v2\/pages\/125","targetHints":{"allow":["GET"]}}],"collection":[{"href":"https:\/\/enerec.pl\/index.php?rest_route=\/wp\/v2\/pages"}],"about":[{"href":"https:\/\/enerec.pl\/index.php?rest_route=\/wp\/v2\/types\/page"}],"author":[{"embeddable":true,"href":"https:\/\/enerec.pl\/index.php?rest_route=\/wp\/v2\/users\/1"}],"replies":[{"embeddable":true,"href":"https:\/\/enerec.pl\/index.php?rest_route=%2Fwp%2Fv2%2Fcomments&post=125"}],"version-history":[{"count":4,"href":"https:\/\/enerec.pl\/index.php?rest_route=\/wp\/v2\/pages\/125\/revisions"}],"predecessor-version":[{"id":147,"href":"https:\/\/enerec.pl\/index.php?rest_route=\/wp\/v2\/pages\/125\/revisions\/147"}],"wp:attachment":[{"href":"https:\/\/enerec.pl\/index.php?rest_route=%2Fwp%2Fv2%2Fmedia&parent=125"}],"curies":[{"name":"wp","href":"https:\/\/api.w.org\/{rel}","templated":true}]}}